{"id":870,"date":"2025-08-30T23:18:36","date_gmt":"2025-08-30T23:18:36","guid":{"rendered":"https:\/\/monicachacin.com\/privacy-policy\/"},"modified":"2025-09-07T16:36:27","modified_gmt":"2025-09-07T16:36:27","slug":"politica-de-privacidad","status":"publish","type":"page","link":"https:\/\/monicachacin.com\/es\/politica-de-privacidad\/","title":{"rendered":"Pol\u00edtica de privacidad"},"content":{"rendered":"<p class=\"p1\"><span class=\"s1\">La presente Pol\u00edtica de Privacidad establece los t\u00e9rminos en que M\u00f3nica Chac\u00edn usa y protege la informaci\u00f3n que es proporcionada por sus usuarios al momento de utilizar su sitio web. M\u00f3nica Chac\u00edn est\u00e1 comprometida con la seguridad de los datos de sus usuarios. Cuando te pedimos llenar los campos de informaci\u00f3n personal con los cuales puedas ser identificado(a), lo hacemos asegurando que solo se emplear\u00e1 de acuerdo con los t\u00e9rminos de este documento. Sin embargo, esta Pol\u00edtica de Privacidad puede cambiar con el tiempo o ser actualizada, por lo que te recomendamos y enfatizamos revisar continuamente esta p\u00e1gina para asegurarte de que est\u00e1s de acuerdo con dichos cambios.<\/span><\/p>\n<p class=\"p1\"><span class=\"s1\"><b>Informaci\u00f3n que es recogida<\/b><\/span><\/p>\n<p class=\"p1\"><span class=\"s1\">El sitio web\u00a0<a href=\"http:\/\/dylan.local\/es\/\"><span class=\"s2\">www.monicachacin.com<\/span><\/a>\u00a0podr\u00e1 recoger informaci\u00f3n personal, por ejemplo: nombre, informaci\u00f3n de contacto como su direcci\u00f3n de correo electr\u00f3nico e informaci\u00f3n demogr\u00e1fica. As\u00ed mismo, cuando sea necesario podr\u00e1 ser requerida informaci\u00f3n espec\u00edfica para procesar alg\u00fan pedido o realizar una entrega o facturaci\u00f3n.<\/span><\/p>\n<p class=\"p1\"><span class=\"s1\"><b>Uso de la informaci\u00f3n recogida<\/b><\/span><\/p>\n<p class=\"p1\"><span class=\"s1\">El sitio web\u00a0<a href=\"http:\/\/dylan.local\/es\/\"><span class=\"s2\">www.monicachacin.com<\/span><\/a>\u00a0emplea la informaci\u00f3n con el fin de proporcionar el mejor servicio posible, particularmente para mantener un registro de usuarios, de pedidos en caso de que aplique y mejorar nuestros productos y servicios.\u00a0 Es posible que sean enviados correos electr\u00f3nicos peri\u00f3dicamente a trav\u00e9s de nuestro sitio con ofertas especiales, nuevos productos y otra informaci\u00f3n publicitaria que consideremos relevante para ti o que pueda brindarte alg\u00fan beneficio. Estos correos electr\u00f3nicos ser\u00e1n enviados a la direcci\u00f3n que t\u00fa nos proporciones y podr\u00e1n ser dados de baja en cualquier momento.<\/span><\/p>\n<p class=\"p1\"><span class=\"s1\">M\u00f3nica Chac\u00edn est\u00e1 altamente comprometida a cumplir con el compromiso de mantener tu informaci\u00f3n segura. Usamos los sistemas m\u00e1s avanzados y los actualizamos constantemente para asegurarnos de que no exista ning\u00fan acceso no autorizado.<\/span><\/p>\n<p class=\"p1\"><span class=\"s1\"><b>Cookies<\/b><\/span><\/p>\n<p class=\"p1\"><span class=\"s1\">Una cookie se refiere a un fichero que es enviado con la finalidad de solicitar permiso para almacenarse en su ordenador, al aceptar dicho fichero se crea y la cookie sirve entonces para tener informaci\u00f3n respecto al tr\u00e1fico web y tambi\u00e9n facilita las futuras visitas a una web recurrente. Otra funci\u00f3n que tienen las cookies es que con ellas las p\u00e1ginas web pueden reconocerte individualmente y, por tanto, brindarte el mejor servicio personalizado.<\/span><\/p>\n<p class=\"p1\"><span class=\"s1\">El sitio web\u00a0<a href=\"http:\/\/dylan.local\/es\/\"><span class=\"s2\">www.monicachacin.com<\/span><\/a>\u00a0emplea las cookies para poder identificar las p\u00e1ginas que son visitadas y su frecuencia. Esta informaci\u00f3n es empleada \u00fanicamente para an\u00e1lisis estad\u00edstico y despu\u00e9s la informaci\u00f3n se elimina de forma permanente. T\u00fa puedes eliminar las cookies en cualquier momento desde tu ordenador. Las cookies ayudan a proporcionar un mejor servicio de los sitios web; estas no dan acceso a tu informaci\u00f3n personal ni a tu ordenador, a menos que t\u00fa as\u00ed lo quieras y la proporciones directamente. As\u00ed mismo, puedes aceptar o negar el uso de cookies; sin embargo, la mayor\u00eda de los navegadores aceptan cookies autom\u00e1ticamente, pues sirven para brindar un mejor servicio. Tambi\u00e9n puedes cambiar la configuraci\u00f3n de tu ordenador para declinar las cookies. Si se declinan, es posible que no puedas utilizar algunos de los servicios que te ofrecemos.<\/span><\/p>\n<p class=\"p1\"><span class=\"s1\"><b>Enlaces a Terceros<\/b><\/span><\/p>\n<p class=\"p1\"><span class=\"s1\">Este sitio web podr\u00eda contener enlaces a otros sitios que pudieran ser de su inter\u00e9s. Una vez que hagas clic en estos enlaces y abandones la p\u00e1gina\u00a0<a href=\"http:\/\/dylan.local\/es\/\"><span class=\"s2\">www.monicachacin.com<\/span><\/a>\u00a0, ya no tenemos control sobre al sitio al que es redirigido y por lo tanto, no somos responsables de los t\u00e9rminos o privacidad ni de la protecci\u00f3n de sus datos en esos otros sitios de terceros. Dichos sitios est\u00e1n sujetos a sus propias pol\u00edticas de privacidad, por lo cual es recomendable que los consultes para confirmar que est\u00e1s de acuerdo con sus pol\u00edticas.<\/span><\/p>\n<p class=\"p1\"><span class=\"s1\"><b>Control de su informaci\u00f3n personal<\/b><\/span><\/p>\n<p class=\"p1\"><span class=\"s1\">En cualquier momento puedes restringir la recopilaci\u00f3n o el uso de la informaci\u00f3n personal que has proporcionado a nuestro sitio web\u00a0<a href=\"http:\/\/dylan.local\/es\/\"><span class=\"s2\">www.monicachacin.com<\/span><\/a>.\u00a0Cada vez que se te solicite rellenar un formulario, como el de alta de usuario, puedes marcar o desmarcar la opci\u00f3n de recibir informaci\u00f3n por correo electr\u00f3nico.\u00a0<\/span><span class=\"s3\">Los datos de car\u00e1cter personal que proporciones ser\u00e1n tratados por M\u00f3nica Chac\u00edn como\u00a0responsable\u00a0de esta web con la finalidad de resolver tus dudas y\/o requerimientos.<\/span><span class=\"s1\">\u00a0 En caso de que hayas marcado la opci\u00f3n de recibir nuestro bolet\u00edn o publicidad, puedes darla de baja en cualquier momento si as\u00ed lo deseas.<\/span><\/p>\n<p class=\"p1\"><span class=\"s1\">Esta compa\u00f1\u00eda no vender\u00e1, ceder\u00e1 ni distribuir\u00e1 la informaci\u00f3n personal que es recopilada sin tu consentimiento, salvo que sea requerido por un juez con un orden judicial.<\/span><\/p>\n<p class=\"p2\"><span class=\"s4\">Tu legitimaci\u00f3n se realiza gracias a tu consentimiento.<\/span><\/p>\n<p class=\"p1\"><span class=\"s1\">M\u00f3nica Chac\u00edn se reserva el derecho de cambiar los t\u00e9rminos de la presente Pol\u00edtica de Privacidad en cualquier momento.<\/span><\/p>\n<p class=\"p1\"><span class=\"s3\">Podr\u00e1s ejercer tus derechos de acceso, rectificaci\u00f3n, limitaci\u00f3n, suprimir los datos y presentar una reclamaci\u00f3n ante una autoridad de control en info@monicachacin.com<\/span><\/p>\n","protected":false},"excerpt":{"rendered":"<p>La presente Pol\u00edtica de Privacidad establece los t\u00e9rminos en que M\u00f3nica Chac\u00edn usa y protege la informaci\u00f3n que es proporcionada por sus usuarios al momento de utilizar su sitio web. M\u00f3nica Chac\u00edn est\u00e1 comprometida con la seguridad de los datos de sus usuarios. Cuando te pedimos llenar los campos de informaci\u00f3n personal con los cuales [&hellip;]<\/p>\n","protected":false},"author":1,"featured_media":0,"parent":0,"menu_order":0,"comment_status":"closed","ping_status":"open","template":"","meta":{"footnotes":""},"class_list":["post-870","page","type-page","status-publish","hentry"],"yoast_head":"<!-- This site is optimized with the Yoast SEO plugin v27.0 - https:\/\/yoast.com\/product\/yoast-seo-wordpress\/ -->\n<title>Pol\u00edtica de privacidad - Monica Chacin SEO copywriter<\/title>\n<meta name=\"description\" content=\"This Privacy Policy sets out the terms under which M\u00f3nica Chac\u00edn uses and protects the information provided by users when visiting...\" \/>\n<meta name=\"robots\" content=\"index, follow, max-snippet:-1, max-image-preview:large, max-video-preview:-1\" \/>\n<link rel=\"canonical\" href=\"https:\/\/monicachacin.com\/es\/politica-de-privacidad\/\" \/>\n<meta property=\"og:locale\" content=\"es_ES\" \/>\n<meta property=\"og:type\" content=\"article\" \/>\n<meta property=\"og:title\" content=\"Pol\u00edtica de privacidad - Monica Chacin SEO copywriter\" \/>\n<meta property=\"og:description\" content=\"This Privacy Policy sets out the terms under which M\u00f3nica Chac\u00edn uses and protects the information provided by users when visiting...\" \/>\n<meta property=\"og:url\" content=\"https:\/\/monicachacin.com\/es\/politica-de-privacidad\/\" \/>\n<meta property=\"og:site_name\" content=\"Monica Chacin SEO copywriter\" \/>\n<meta property=\"article:modified_time\" content=\"2025-09-07T16:36:27+00:00\" \/>\n<meta name=\"twitter:card\" content=\"summary_large_image\" \/>\n<meta name=\"twitter:label1\" content=\"Tiempo de lectura\" \/>\n\t<meta name=\"twitter:data1\" content=\"4 minutos\" \/>\n<script type=\"application\/ld+json\" class=\"yoast-schema-graph\">{\"@context\":\"https:\/\/schema.org\",\"@graph\":[{\"@type\":\"WebPage\",\"@id\":\"https:\/\/monicachacin.com\/es\/politica-de-privacidad\/\",\"url\":\"https:\/\/monicachacin.com\/es\/politica-de-privacidad\/\",\"name\":\"Pol\u00edtica de privacidad - Monica Chacin SEO copywriter\",\"isPartOf\":{\"@id\":\"https:\/\/monicachacin.com\/es\/#website\"},\"datePublished\":\"2025-08-30T23:18:36+00:00\",\"dateModified\":\"2025-09-07T16:36:27+00:00\",\"description\":\"This Privacy Policy sets out the terms under which M\u00f3nica Chac\u00edn uses and protects the information provided by users when visiting...\",\"breadcrumb\":{\"@id\":\"https:\/\/monicachacin.com\/es\/politica-de-privacidad\/#breadcrumb\"},\"inLanguage\":\"es\",\"potentialAction\":[{\"@type\":\"ReadAction\",\"target\":[\"https:\/\/monicachacin.com\/es\/politica-de-privacidad\/\"]}]},{\"@type\":\"BreadcrumbList\",\"@id\":\"https:\/\/monicachacin.com\/es\/politica-de-privacidad\/#breadcrumb\",\"itemListElement\":[{\"@type\":\"ListItem\",\"position\":1,\"name\":\"Portada\",\"item\":\"https:\/\/monicachacin.com\/es\/\"},{\"@type\":\"ListItem\",\"position\":2,\"name\":\"Pol\u00edtica de privacidad\"}]},{\"@type\":\"WebSite\",\"@id\":\"https:\/\/monicachacin.com\/es\/#website\",\"url\":\"https:\/\/monicachacin.com\/es\/\",\"name\":\"Monica Chacin SEO copywriter\",\"description\":\"SEO Copywriting\",\"publisher\":{\"@id\":\"https:\/\/monicachacin.com\/es\/#organization\"},\"potentialAction\":[{\"@type\":\"SearchAction\",\"target\":{\"@type\":\"EntryPoint\",\"urlTemplate\":\"https:\/\/monicachacin.com\/es\/?s={search_term_string}\"},\"query-input\":{\"@type\":\"PropertyValueSpecification\",\"valueRequired\":true,\"valueName\":\"search_term_string\"}}],\"inLanguage\":\"es\"},{\"@type\":\"Organization\",\"@id\":\"https:\/\/monicachacin.com\/es\/#organization\",\"name\":\"Monica Chacin SEO copywriter\",\"url\":\"https:\/\/monicachacin.com\/es\/\",\"logo\":{\"@type\":\"ImageObject\",\"inLanguage\":\"es\",\"@id\":\"https:\/\/monicachacin.com\/es\/#\/schema\/logo\/image\/\",\"url\":\"https:\/\/monicachacin.com\/wp-content\/uploads\/2025\/08\/cropped-logo-monica-chacin-icon-favicon-1-1.jpg\",\"contentUrl\":\"https:\/\/monicachacin.com\/wp-content\/uploads\/2025\/08\/cropped-logo-monica-chacin-icon-favicon-1-1.jpg\",\"width\":1029,\"height\":265,\"caption\":\"Monica Chacin SEO copywriter\"},\"image\":{\"@id\":\"https:\/\/monicachacin.com\/es\/#\/schema\/logo\/image\/\"}}]}<\/script>\n<!-- \/ Yoast SEO plugin. -->","yoast_head_json":{"title":"Pol\u00edtica de privacidad - Monica Chacin SEO copywriter","description":"This Privacy Policy sets out the terms under which M\u00f3nica Chac\u00edn uses and protects the information provided by users when visiting...","robots":{"index":"index","follow":"follow","max-snippet":"max-snippet:-1","max-image-preview":"max-image-preview:large","max-video-preview":"max-video-preview:-1"},"canonical":"https:\/\/monicachacin.com\/es\/politica-de-privacidad\/","og_locale":"es_ES","og_type":"article","og_title":"Pol\u00edtica de privacidad - Monica Chacin SEO copywriter","og_description":"This Privacy Policy sets out the terms under which M\u00f3nica Chac\u00edn uses and protects the information provided by users when visiting...","og_url":"https:\/\/monicachacin.com\/es\/politica-de-privacidad\/","og_site_name":"Monica Chacin SEO copywriter","article_modified_time":"2025-09-07T16:36:27+00:00","twitter_card":"summary_large_image","twitter_misc":{"Tiempo de lectura":"4 minutos"},"schema":{"@context":"https:\/\/schema.org","@graph":[{"@type":"WebPage","@id":"https:\/\/monicachacin.com\/es\/politica-de-privacidad\/","url":"https:\/\/monicachacin.com\/es\/politica-de-privacidad\/","name":"Pol\u00edtica de privacidad - Monica Chacin SEO copywriter","isPartOf":{"@id":"https:\/\/monicachacin.com\/es\/#website"},"datePublished":"2025-08-30T23:18:36+00:00","dateModified":"2025-09-07T16:36:27+00:00","description":"This Privacy Policy sets out the terms under which M\u00f3nica Chac\u00edn uses and protects the information provided by users when visiting...","breadcrumb":{"@id":"https:\/\/monicachacin.com\/es\/politica-de-privacidad\/#breadcrumb"},"inLanguage":"es","potentialAction":[{"@type":"ReadAction","target":["https:\/\/monicachacin.com\/es\/politica-de-privacidad\/"]}]},{"@type":"BreadcrumbList","@id":"https:\/\/monicachacin.com\/es\/politica-de-privacidad\/#breadcrumb","itemListElement":[{"@type":"ListItem","position":1,"name":"Portada","item":"https:\/\/monicachacin.com\/es\/"},{"@type":"ListItem","position":2,"name":"Pol\u00edtica de privacidad"}]},{"@type":"WebSite","@id":"https:\/\/monicachacin.com\/es\/#website","url":"https:\/\/monicachacin.com\/es\/","name":"Monica Chacin SEO copywriter","description":"SEO Copywriting","publisher":{"@id":"https:\/\/monicachacin.com\/es\/#organization"},"potentialAction":[{"@type":"SearchAction","target":{"@type":"EntryPoint","urlTemplate":"https:\/\/monicachacin.com\/es\/?s={search_term_string}"},"query-input":{"@type":"PropertyValueSpecification","valueRequired":true,"valueName":"search_term_string"}}],"inLanguage":"es"},{"@type":"Organization","@id":"https:\/\/monicachacin.com\/es\/#organization","name":"Monica Chacin SEO copywriter","url":"https:\/\/monicachacin.com\/es\/","logo":{"@type":"ImageObject","inLanguage":"es","@id":"https:\/\/monicachacin.com\/es\/#\/schema\/logo\/image\/","url":"https:\/\/monicachacin.com\/wp-content\/uploads\/2025\/08\/cropped-logo-monica-chacin-icon-favicon-1-1.jpg","contentUrl":"https:\/\/monicachacin.com\/wp-content\/uploads\/2025\/08\/cropped-logo-monica-chacin-icon-favicon-1-1.jpg","width":1029,"height":265,"caption":"Monica Chacin SEO copywriter"},"image":{"@id":"https:\/\/monicachacin.com\/es\/#\/schema\/logo\/image\/"}}]}},"_links":{"self":[{"href":"https:\/\/monicachacin.com\/es\/wp-json\/wp\/v2\/pages\/870","targetHints":{"allow":["GET"]}}],"collection":[{"href":"https:\/\/monicachacin.com\/es\/wp-json\/wp\/v2\/pages"}],"about":[{"href":"https:\/\/monicachacin.com\/es\/wp-json\/wp\/v2\/types\/page"}],"author":[{"embeddable":true,"href":"https:\/\/monicachacin.com\/es\/wp-json\/wp\/v2\/users\/1"}],"replies":[{"embeddable":true,"href":"https:\/\/monicachacin.com\/es\/wp-json\/wp\/v2\/comments?post=870"}],"version-history":[{"count":3,"href":"https:\/\/monicachacin.com\/es\/wp-json\/wp\/v2\/pages\/870\/revisions"}],"predecessor-version":[{"id":880,"href":"https:\/\/monicachacin.com\/es\/wp-json\/wp\/v2\/pages\/870\/revisions\/880"}],"wp:attachment":[{"href":"https:\/\/monicachacin.com\/es\/wp-json\/wp\/v2\/media?parent=870"}],"curies":[{"name":"wp","href":"https:\/\/api.w.org\/{rel}","templated":true}]}}