{"id":867,"date":"2025-08-30T23:18:37","date_gmt":"2025-08-30T23:18:37","guid":{"rendered":"https:\/\/monicachacin.com\/legal-notice\/"},"modified":"2025-09-07T16:14:04","modified_gmt":"2025-09-07T16:14:04","slug":"aviso-legal","status":"publish","type":"page","link":"https:\/\/monicachacin.com\/es\/aviso-legal\/","title":{"rendered":"Aviso Legal"},"content":{"rendered":"<p class=\"p1\"><b>Titularidad de la Web<\/b><\/p>\n<p class=\"p1\">En cumplimiento de la normativa vigente, se informa a los usuarios que el sitio web\u00a0<b>www.monicachacin.com<\/b>\u00a0es propiedad de\u00a0<b>M\u00f3nica Chac\u00edn<\/b>, con correo de contacto:\u00a0<b>info@monicachacin.com.<\/b><\/p>\n<p class=\"p1\"><b>Finalidad de la Web<\/b><\/p>\n<p class=\"p1\">El presente sitio web ha sido creado con la finalidad de ofrecer informaci\u00f3n sobre los servicios, actividades y contenidos de M\u00f3nica Chac\u00edn, as\u00ed como establecer un canal de comunicaci\u00f3n con los usuarios.<\/p>\n<p class=\"p1\"><b>Condiciones de Uso<\/b><\/p>\n<p class=\"p1\">El acceso y uso de este sitio web implica que el usuario se compromete a hacerlo conforme a la ley, la buena fe, el orden p\u00fablico y el presente Aviso Legal. El usuario se abstendr\u00e1 de utilizar la web con fines il\u00edcitos, lesivos de derechos o intereses de terceros, o que de cualquier forma puedan da\u00f1ar, inutilizar, sobrecargar o deteriorar el sitio web.<\/p>\n<p class=\"p1\"><b>Responsabilidad<\/b><\/p>\n<p class=\"p1\">M\u00f3nica Chac\u00edn no se hace responsable del mal uso que se realice de los contenidos de este sitio web, siendo exclusiva responsabilidad del usuario que accede a ellos o los utilice. Tampoco asume responsabilidad por la informaci\u00f3n contenida en sitios web de terceros a los que se pueda acceder mediante enlaces o buscadores desde esta p\u00e1gina.<\/p>\n<p class=\"p1\">M\u00f3nica Chac\u00edn se reserva el derecho de actualizar, modificar o eliminar la informaci\u00f3n contenida en esta web, as\u00ed como limitar o impedir el acceso a dicha informaci\u00f3n sin previo aviso.<\/p>\n<p class=\"p1\"><b>Propiedad Intelectual e Industrial<\/b><\/p>\n<p class=\"p1\">Todos los contenidos de esta web (textos, im\u00e1genes, logotipos, marcas, dise\u00f1o y software) son propiedad de M\u00f3nica Chac\u00edn o cuentan con autorizaci\u00f3n para su uso. Queda prohibida su reproducci\u00f3n, distribuci\u00f3n, comunicaci\u00f3n p\u00fablica o transformaci\u00f3n, total o parcial, sin la autorizaci\u00f3n expresa de la titular.<\/p>\n<p class=\"p1\"><b>Legislaci\u00f3n Aplicable y Jurisdicci\u00f3n<\/b><\/p>\n<p class=\"p1\">El presente Aviso Legal se regir\u00e1 por la legislaci\u00f3n irlandesa y de la Uni\u00f3n Europea. Cualquier controversia que pudiera derivarse del uso de este sitio web se someter\u00e1 a los Juzgados y Tribunales competentes de Dubl\u00edn, Irlanda, salvo que la normativa aplicable disponga lo contrario.<\/p>\n","protected":false},"excerpt":{"rendered":"<p>Titularidad de la Web En cumplimiento de la normativa vigente, se informa a los usuarios que el sitio web\u00a0www.monicachacin.com\u00a0es propiedad de\u00a0M\u00f3nica Chac\u00edn, con correo de contacto:\u00a0info@monicachacin.com. Finalidad de la Web El presente sitio web ha sido creado con la finalidad de ofrecer informaci\u00f3n sobre los servicios, actividades y contenidos de M\u00f3nica Chac\u00edn, as\u00ed como establecer [&hellip;]<\/p>\n","protected":false},"author":1,"featured_media":0,"parent":0,"menu_order":0,"comment_status":"closed","ping_status":"closed","template":"","meta":{"footnotes":""},"class_list":["post-867","page","type-page","status-publish","hentry"],"yoast_head":"<!-- This site is optimized with the Yoast SEO plugin v27.0 - https:\/\/yoast.com\/product\/yoast-seo-wordpress\/ -->\n<title>Aviso Legal - Monica Chacin SEO copywriter<\/title>\n<meta name=\"robots\" content=\"index, follow, max-snippet:-1, max-image-preview:large, max-video-preview:-1\" \/>\n<link rel=\"canonical\" href=\"https:\/\/monicachacin.com\/es\/aviso-legal\/\" \/>\n<meta property=\"og:locale\" content=\"es_ES\" \/>\n<meta property=\"og:type\" content=\"article\" \/>\n<meta property=\"og:title\" content=\"Aviso Legal - Monica Chacin SEO copywriter\" \/>\n<meta property=\"og:description\" content=\"Titularidad de la Web En cumplimiento de la normativa vigente, se informa a los usuarios que el sitio web\u00a0www.monicachacin.com\u00a0es propiedad de\u00a0M\u00f3nica Chac\u00edn, con correo de contacto:\u00a0info@monicachacin.com. Finalidad de la Web El presente sitio web ha sido creado con la finalidad de ofrecer informaci\u00f3n sobre los servicios, actividades y contenidos de M\u00f3nica Chac\u00edn, as\u00ed como establecer [&hellip;]\" \/>\n<meta property=\"og:url\" content=\"https:\/\/monicachacin.com\/es\/aviso-legal\/\" \/>\n<meta property=\"og:site_name\" content=\"Monica Chacin SEO copywriter\" \/>\n<meta property=\"article:modified_time\" content=\"2025-09-07T16:14:04+00:00\" \/>\n<meta name=\"twitter:card\" content=\"summary_large_image\" \/>\n<meta name=\"twitter:label1\" content=\"Tiempo de lectura\" \/>\n\t<meta name=\"twitter:data1\" content=\"2 minutos\" \/>\n<script type=\"application\/ld+json\" class=\"yoast-schema-graph\">{\"@context\":\"https:\/\/schema.org\",\"@graph\":[{\"@type\":\"WebPage\",\"@id\":\"https:\/\/monicachacin.com\/es\/aviso-legal\/\",\"url\":\"https:\/\/monicachacin.com\/es\/aviso-legal\/\",\"name\":\"Aviso Legal - Monica Chacin SEO copywriter\",\"isPartOf\":{\"@id\":\"https:\/\/monicachacin.com\/es\/#website\"},\"datePublished\":\"2025-08-30T23:18:37+00:00\",\"dateModified\":\"2025-09-07T16:14:04+00:00\",\"breadcrumb\":{\"@id\":\"https:\/\/monicachacin.com\/es\/aviso-legal\/#breadcrumb\"},\"inLanguage\":\"es\",\"potentialAction\":[{\"@type\":\"ReadAction\",\"target\":[\"https:\/\/monicachacin.com\/es\/aviso-legal\/\"]}]},{\"@type\":\"BreadcrumbList\",\"@id\":\"https:\/\/monicachacin.com\/es\/aviso-legal\/#breadcrumb\",\"itemListElement\":[{\"@type\":\"ListItem\",\"position\":1,\"name\":\"Portada\",\"item\":\"https:\/\/monicachacin.com\/es\/\"},{\"@type\":\"ListItem\",\"position\":2,\"name\":\"Aviso Legal\"}]},{\"@type\":\"WebSite\",\"@id\":\"https:\/\/monicachacin.com\/es\/#website\",\"url\":\"https:\/\/monicachacin.com\/es\/\",\"name\":\"Monica Chacin SEO copywriter\",\"description\":\"SEO Copywriting\",\"publisher\":{\"@id\":\"https:\/\/monicachacin.com\/es\/#organization\"},\"potentialAction\":[{\"@type\":\"SearchAction\",\"target\":{\"@type\":\"EntryPoint\",\"urlTemplate\":\"https:\/\/monicachacin.com\/es\/?s={search_term_string}\"},\"query-input\":{\"@type\":\"PropertyValueSpecification\",\"valueRequired\":true,\"valueName\":\"search_term_string\"}}],\"inLanguage\":\"es\"},{\"@type\":\"Organization\",\"@id\":\"https:\/\/monicachacin.com\/es\/#organization\",\"name\":\"Monica Chacin SEO copywriter\",\"url\":\"https:\/\/monicachacin.com\/es\/\",\"logo\":{\"@type\":\"ImageObject\",\"inLanguage\":\"es\",\"@id\":\"https:\/\/monicachacin.com\/es\/#\/schema\/logo\/image\/\",\"url\":\"https:\/\/monicachacin.com\/wp-content\/uploads\/2025\/08\/cropped-logo-monica-chacin-icon-favicon-1-1.jpg\",\"contentUrl\":\"https:\/\/monicachacin.com\/wp-content\/uploads\/2025\/08\/cropped-logo-monica-chacin-icon-favicon-1-1.jpg\",\"width\":1029,\"height\":265,\"caption\":\"Monica Chacin SEO copywriter\"},\"image\":{\"@id\":\"https:\/\/monicachacin.com\/es\/#\/schema\/logo\/image\/\"}}]}<\/script>\n<!-- \/ Yoast SEO plugin. -->","yoast_head_json":{"title":"Aviso Legal - Monica Chacin SEO copywriter","robots":{"index":"index","follow":"follow","max-snippet":"max-snippet:-1","max-image-preview":"max-image-preview:large","max-video-preview":"max-video-preview:-1"},"canonical":"https:\/\/monicachacin.com\/es\/aviso-legal\/","og_locale":"es_ES","og_type":"article","og_title":"Aviso Legal - Monica Chacin SEO copywriter","og_description":"Titularidad de la Web En cumplimiento de la normativa vigente, se informa a los usuarios que el sitio web\u00a0www.monicachacin.com\u00a0es propiedad de\u00a0M\u00f3nica Chac\u00edn, con correo de contacto:\u00a0info@monicachacin.com. Finalidad de la Web El presente sitio web ha sido creado con la finalidad de ofrecer informaci\u00f3n sobre los servicios, actividades y contenidos de M\u00f3nica Chac\u00edn, as\u00ed como establecer [&hellip;]","og_url":"https:\/\/monicachacin.com\/es\/aviso-legal\/","og_site_name":"Monica Chacin SEO copywriter","article_modified_time":"2025-09-07T16:14:04+00:00","twitter_card":"summary_large_image","twitter_misc":{"Tiempo de lectura":"2 minutos"},"schema":{"@context":"https:\/\/schema.org","@graph":[{"@type":"WebPage","@id":"https:\/\/monicachacin.com\/es\/aviso-legal\/","url":"https:\/\/monicachacin.com\/es\/aviso-legal\/","name":"Aviso Legal - Monica Chacin SEO copywriter","isPartOf":{"@id":"https:\/\/monicachacin.com\/es\/#website"},"datePublished":"2025-08-30T23:18:37+00:00","dateModified":"2025-09-07T16:14:04+00:00","breadcrumb":{"@id":"https:\/\/monicachacin.com\/es\/aviso-legal\/#breadcrumb"},"inLanguage":"es","potentialAction":[{"@type":"ReadAction","target":["https:\/\/monicachacin.com\/es\/aviso-legal\/"]}]},{"@type":"BreadcrumbList","@id":"https:\/\/monicachacin.com\/es\/aviso-legal\/#breadcrumb","itemListElement":[{"@type":"ListItem","position":1,"name":"Portada","item":"https:\/\/monicachacin.com\/es\/"},{"@type":"ListItem","position":2,"name":"Aviso Legal"}]},{"@type":"WebSite","@id":"https:\/\/monicachacin.com\/es\/#website","url":"https:\/\/monicachacin.com\/es\/","name":"Monica Chacin SEO copywriter","description":"SEO Copywriting","publisher":{"@id":"https:\/\/monicachacin.com\/es\/#organization"},"potentialAction":[{"@type":"SearchAction","target":{"@type":"EntryPoint","urlTemplate":"https:\/\/monicachacin.com\/es\/?s={search_term_string}"},"query-input":{"@type":"PropertyValueSpecification","valueRequired":true,"valueName":"search_term_string"}}],"inLanguage":"es"},{"@type":"Organization","@id":"https:\/\/monicachacin.com\/es\/#organization","name":"Monica Chacin SEO copywriter","url":"https:\/\/monicachacin.com\/es\/","logo":{"@type":"ImageObject","inLanguage":"es","@id":"https:\/\/monicachacin.com\/es\/#\/schema\/logo\/image\/","url":"https:\/\/monicachacin.com\/wp-content\/uploads\/2025\/08\/cropped-logo-monica-chacin-icon-favicon-1-1.jpg","contentUrl":"https:\/\/monicachacin.com\/wp-content\/uploads\/2025\/08\/cropped-logo-monica-chacin-icon-favicon-1-1.jpg","width":1029,"height":265,"caption":"Monica Chacin SEO copywriter"},"image":{"@id":"https:\/\/monicachacin.com\/es\/#\/schema\/logo\/image\/"}}]}},"_links":{"self":[{"href":"https:\/\/monicachacin.com\/es\/wp-json\/wp\/v2\/pages\/867","targetHints":{"allow":["GET"]}}],"collection":[{"href":"https:\/\/monicachacin.com\/es\/wp-json\/wp\/v2\/pages"}],"about":[{"href":"https:\/\/monicachacin.com\/es\/wp-json\/wp\/v2\/types\/page"}],"author":[{"embeddable":true,"href":"https:\/\/monicachacin.com\/es\/wp-json\/wp\/v2\/users\/1"}],"replies":[{"embeddable":true,"href":"https:\/\/monicachacin.com\/es\/wp-json\/wp\/v2\/comments?post=867"}],"version-history":[{"count":2,"href":"https:\/\/monicachacin.com\/es\/wp-json\/wp\/v2\/pages\/867\/revisions"}],"predecessor-version":[{"id":869,"href":"https:\/\/monicachacin.com\/es\/wp-json\/wp\/v2\/pages\/867\/revisions\/869"}],"wp:attachment":[{"href":"https:\/\/monicachacin.com\/es\/wp-json\/wp\/v2\/media?parent=867"}],"curies":[{"name":"wp","href":"https:\/\/api.w.org\/{rel}","templated":true}]}}