{"id":635,"date":"2025-08-30T23:18:25","date_gmt":"2025-08-30T23:18:25","guid":{"rendered":"https:\/\/monicachacin.com\/contact\/"},"modified":"2025-09-07T18:41:08","modified_gmt":"2025-09-07T18:41:08","slug":"contacto","status":"publish","type":"page","link":"https:\/\/monicachacin.com\/es\/contacto\/","title":{"rendered":"Contacto"},"content":{"rendered":"\t\t<div data-elementor-type=\"wp-page\" data-elementor-id=\"635\" class=\"elementor elementor-635 elementor-454\" data-elementor-post-type=\"page\">\n\t\t\t\t<div class=\"elementor-element elementor-element-8611689 e-flex e-con-boxed e-con e-parent\" data-id=\"8611689\" data-element_type=\"container\" data-e-type=\"container\" data-settings=\"{&quot;jet_parallax_layout_list&quot;:[]}\">\n\t\t\t\t\t<div class=\"e-con-inner\">\n\t\t<div class=\"elementor-element elementor-element-1a18f07 e-con-full e-flex e-con e-child\" data-id=\"1a18f07\" data-element_type=\"container\" data-e-type=\"container\" data-settings=\"{&quot;background_background&quot;:&quot;classic&quot;,&quot;jet_parallax_layout_list&quot;:[]}\">\n\t\t<div class=\"elementor-element elementor-element-5d67e98 e-con-full e-flex e-con e-child\" data-id=\"5d67e98\" data-element_type=\"container\" data-e-type=\"container\" data-settings=\"{&quot;jet_parallax_layout_list&quot;:[]}\">\n\t\t<div class=\"elementor-element elementor-element-89edc79 e-con-full e-flex e-con e-child\" data-id=\"89edc79\" data-element_type=\"container\" data-e-type=\"container\" data-settings=\"{&quot;jet_parallax_layout_list&quot;:[]}\">\n\t\t\t\t<div class=\"elementor-element elementor-element-d77fe00 elementor-widget-tablet__width-initial elementor-invisible elementor-widget elementor-widget-heading\" data-id=\"d77fe00\" data-element_type=\"widget\" data-e-type=\"widget\" data-settings=\"{&quot;_animation&quot;:&quot;fadeInUp&quot;}\" data-widget_type=\"heading.default\">\n\t\t\t\t\t<h2 class=\"elementor-heading-title elementor-size-default\">Env\u00edame un mensaje<\/h2>\t\t\t\t<\/div>\n\t\t\t\t<div class=\"elementor-element elementor-element-328614d elementor-widget elementor-widget-text-editor\" data-id=\"328614d\" data-element_type=\"widget\" data-e-type=\"widget\" data-widget_type=\"text-editor.default\">\n\t\t\t\t\t\t\t\t\t<p>Rellena el formulario o env\u00edame un correo directamente. Hablemos de tu marca y de c\u00f3mo podemos alcanzar tus objetivos a trav\u00e9s de las palabras.<\/p>\t\t\t\t\t\t\t\t<\/div>\n\t\t\t\t<div class=\"elementor-element elementor-element-6b2cf71 elementor-button-align-stretch elementor-widget elementor-widget-form\" data-id=\"6b2cf71\" data-element_type=\"widget\" data-e-type=\"widget\" data-settings=\"{&quot;step_next_label&quot;:&quot;Next&quot;,&quot;step_previous_label&quot;:&quot;Previous&quot;,&quot;button_width&quot;:&quot;100&quot;,&quot;step_type&quot;:&quot;number_text&quot;,&quot;step_icon_shape&quot;:&quot;circle&quot;}\" data-widget_type=\"form.default\">\n\t\t\t\t\t\t\t<form class=\"elementor-form\" method=\"post\" name=\"Contacto ES\" aria-label=\"Contacto ES\">\n\t\t\t<input type=\"hidden\" name=\"post_id\" value=\"635\"\/>\n\t\t\t<input type=\"hidden\" name=\"form_id\" value=\"6b2cf71\"\/>\n\t\t\t<input type=\"hidden\" name=\"referer_title\" value=\"Contacto - Monica Chacin SEO copywriter\" \/>\n\n\t\t\t\t\t\t\t<input type=\"hidden\" name=\"queried_id\" value=\"635\"\/>\n\t\t\t\n\t\t\t<div class=\"elementor-form-fields-wrapper elementor-labels-\">\n\t\t\t\t\t\t\t\t<div class=\"elementor-field-type-text elementor-field-group elementor-column elementor-field-group-name elementor-col-100 elementor-field-required\">\n\t\t\t\t\t\t\t\t\t\t\t\t<label for=\"form-field-name\" class=\"elementor-field-label elementor-screen-only\">\n\t\t\t\t\t\t\t\tNombre\t\t\t\t\t\t\t<\/label>\n\t\t\t\t\t\t\t\t\t\t\t\t\t\t<input size=\"1\" type=\"text\" name=\"form_fields[name]\" id=\"form-field-name\" class=\"elementor-field elementor-size-sm  elementor-field-textual\" placeholder=\"Nombre*\" required=\"required\">\n\t\t\t\t\t\t\t\t\t\t\t<\/div>\n\t\t\t\t\t\t\t\t<div class=\"elementor-field-type-email elementor-field-group elementor-column elementor-field-group-email elementor-col-100 elementor-field-required\">\n\t\t\t\t\t\t\t\t\t\t\t\t<label for=\"form-field-email\" class=\"elementor-field-label elementor-screen-only\">\n\t\t\t\t\t\t\t\tEmail\t\t\t\t\t\t\t<\/label>\n\t\t\t\t\t\t\t\t\t\t\t\t\t\t<input size=\"1\" type=\"email\" name=\"form_fields[email]\" id=\"form-field-email\" class=\"elementor-field elementor-size-sm  elementor-field-textual\" placeholder=\"Email*\" required=\"required\">\n\t\t\t\t\t\t\t\t\t\t\t<\/div>\n\t\t\t\t\t\t\t\t<div class=\"elementor-field-type-textarea elementor-field-group elementor-column elementor-field-group-message elementor-col-100 elementor-field-required\">\n\t\t\t\t\t\t\t\t\t\t\t\t<label for=\"form-field-message\" class=\"elementor-field-label elementor-screen-only\">\n\t\t\t\t\t\t\t\tMensaje\t\t\t\t\t\t\t<\/label>\n\t\t\t\t\t\t<textarea class=\"elementor-field-textual elementor-field  elementor-size-sm\" name=\"form_fields[message]\" id=\"form-field-message\" rows=\"4\" placeholder=\"mensaje*\" required=\"required\"><\/textarea>\t\t\t\t<\/div>\n\t\t\t\t\t\t\t\t<div class=\"elementor-field-type-checkbox elementor-field-group elementor-column elementor-field-group-field_1a3723b elementor-col-100\">\n\t\t\t\t\t\t\t\t\t\t\t\t<label for=\"form-field-field_1a3723b\" class=\"elementor-field-label elementor-screen-only\">\n\t\t\t\t\t\t\t\tAceptar\t\t\t\t\t\t\t<\/label>\n\t\t\t\t\t\t<div class=\"elementor-field-subgroup  elementor-subgroup-inline\"><span class=\"elementor-field-option\"><input type=\"checkbox\" value=\"Aceptar. Al usar este formulario aceptas la &lt;span style=&quot;color: #fce1e1;&quot;&gt;&lt;a style=&quot;color: #fce1e1;&quot; href=&quot;https:\/\/monicachacin.com\/es\/politica-de-privacidad\/&quot; target=&quot;_blank&quot; rel=&quot;noopener&quot;&gt;pol\u00edtica de privacidad&lt;\/a&gt;&lt;\/span&gt; y &lt;span style=&quot;color: #fce1e1;&quot;&gt;&lt;a style=&quot;color: #fce1e1;&quot; href=&quot;https:\/\/monicachacin.com\/es\/aviso-legal\/&quot; target=&quot;_blank&quot; rel=&quot;noopener&quot;&gt;aviso legal&lt;\/a&gt;&lt;\/span&gt; de esta web (requerido).\" id=\"form-field-field_1a3723b-0\" name=\"form_fields[field_1a3723b]\"> <label for=\"form-field-field_1a3723b-0\">Aceptar. Al usar este formulario aceptas la <span style=\"color: #fce1e1;\"><a style=\"color: #fce1e1;\" href=\"https:\/\/monicachacin.com\/es\/politica-de-privacidad\/\" target=\"_blank\" rel=\"noopener\">pol\u00edtica de privacidad<\/a><\/span> y <span style=\"color: #fce1e1;\"><a style=\"color: #fce1e1;\" href=\"https:\/\/monicachacin.com\/es\/aviso-legal\/\" target=\"_blank\" rel=\"noopener\">aviso legal<\/a><\/span> de esta web (requerido).<\/label><\/span><\/div>\t\t\t\t<\/div>\n\t\t\t\t\t\t\t\t<div class=\"elementor-field-group elementor-column elementor-field-type-submit elementor-col-100 e-form__buttons\">\n\t\t\t\t\t<button class=\"elementor-button elementor-size-sm\" type=\"submit\">\n\t\t\t\t\t\t<span class=\"elementor-button-content-wrapper\">\n\t\t\t\t\t\t\t\t\t\t\t\t\t\t\t\t\t\t\t\t\t\t<span class=\"elementor-button-text\">Enviar<\/span>\n\t\t\t\t\t\t\t\t\t\t\t\t\t<\/span>\n\t\t\t\t\t<\/button>\n\t\t\t\t<\/div>\n\t\t\t<\/div>\n\t\t<\/form>\n\t\t\t\t\t\t<\/div>\n\t\t\t\t<\/div>\n\t\t<div class=\"elementor-element elementor-element-6eb03e6 e-con-full e-flex e-con e-child\" data-id=\"6eb03e6\" data-element_type=\"container\" data-e-type=\"container\" data-settings=\"{&quot;jet_parallax_layout_list&quot;:[]}\">\n\t\t\t\t<div class=\"elementor-element elementor-element-d18725a elementor-widget elementor-widget-google_maps\" data-id=\"d18725a\" data-element_type=\"widget\" data-e-type=\"widget\" data-widget_type=\"google_maps.default\">\n\t\t\t\t\t\t\t<div class=\"elementor-custom-embed\">\n\t\t\t<iframe loading=\"lazy\"\n\t\t\t\t\tsrc=\"https:\/\/maps.google.com\/maps?q=Dublin&#038;t=m&#038;z=10&#038;output=embed&#038;iwloc=near\"\n\t\t\t\t\ttitle=\"Dublin\"\n\t\t\t\t\taria-label=\"Dublin\"\n\t\t\t><\/iframe>\n\t\t<\/div>\n\t\t\t\t\t\t<\/div>\n\t\t\t\t<div class=\"elementor-element elementor-element-5c51e5c elementor-widget elementor-widget-google_maps\" data-id=\"5c51e5c\" data-element_type=\"widget\" data-e-type=\"widget\" data-widget_type=\"google_maps.default\">\n\t\t\t\t\t\t\t<div class=\"elementor-custom-embed\">\n\t\t\t<iframe loading=\"lazy\"\n\t\t\t\t\tsrc=\"https:\/\/maps.google.com\/maps?q=Madrid&#038;t=m&#038;z=16&#038;output=embed&#038;iwloc=near\"\n\t\t\t\t\ttitle=\"Madrid\"\n\t\t\t\t\taria-label=\"Madrid\"\n\t\t\t><\/iframe>\n\t\t<\/div>\n\t\t\t\t\t\t<\/div>\n\t\t\t\t<\/div>\n\t\t\t\t<\/div>\n\t\t\t\t<\/div>\n\t\t\t\t\t<\/div>\n\t\t\t\t<\/div>\n\t\t<div class=\"elementor-element elementor-element-f4d415a e-flex e-con-boxed e-con e-parent\" data-id=\"f4d415a\" data-element_type=\"container\" data-e-type=\"container\" data-settings=\"{&quot;jet_parallax_layout_list&quot;:[]}\">\n\t\t\t\t\t<div class=\"e-con-inner\">\n\t\t<div class=\"elementor-element elementor-element-123ac23 e-con-full e-flex e-con e-child\" data-id=\"123ac23\" data-element_type=\"container\" data-e-type=\"container\" data-settings=\"{&quot;jet_parallax_layout_list&quot;:[]}\">\n\t\t\t\t<div class=\"elementor-element elementor-element-a3f2e3f elementor-invisible elementor-widget elementor-widget-heading\" data-id=\"a3f2e3f\" data-element_type=\"widget\" data-e-type=\"widget\" data-settings=\"{&quot;_animation&quot;:&quot;fadeInUp&quot;}\" data-widget_type=\"heading.default\">\n\t\t\t\t\t<h2 class=\"elementor-heading-title elementor-size-default\">Ponte en contacto conmigo<\/h2>\t\t\t\t<\/div>\n\t\t<div class=\"elementor-element elementor-element-88ac003 e-con-full e-flex e-con e-child\" data-id=\"88ac003\" data-element_type=\"container\" data-e-type=\"container\" data-settings=\"{&quot;jet_parallax_layout_list&quot;:[]}\">\n\t\t<div class=\"elementor-element elementor-element-75ff308 e-con-full e-flex e-con e-child\" data-id=\"75ff308\" data-element_type=\"container\" data-e-type=\"container\" data-settings=\"{&quot;background_background&quot;:&quot;classic&quot;,&quot;jet_parallax_layout_list&quot;:[]}\">\n\t\t\t\t<div class=\"elementor-element elementor-element-acc078a elementor-view-stacked elementor-shape-circle elementor-widget elementor-widget-icon\" data-id=\"acc078a\" data-element_type=\"widget\" data-e-type=\"widget\" data-widget_type=\"icon.default\">\n\t\t\t\t\t\t\t<div class=\"elementor-icon-wrapper\">\n\t\t\t<div class=\"elementor-icon\">\n\t\t\t<svg aria-hidden=\"true\" class=\"e-font-icon-svg e-fas-map-marker-alt\" viewBox=\"0 0 384 512\" xmlns=\"http:\/\/www.w3.org\/2000\/svg\"><path d=\"M172.268 501.67C26.97 291.031 0 269.413 0 192 0 85.961 85.961 0 192 0s192 85.961 192 192c0 77.413-26.97 99.031-172.268 309.67-9.535 13.774-29.93 13.773-39.464 0zM192 272c44.183 0 80-35.817 80-80s-35.817-80-80-80-80 35.817-80 80 35.817 80 80 80z\"><\/path><\/svg>\t\t\t<\/div>\n\t\t<\/div>\n\t\t\t\t\t\t<\/div>\n\t\t\t\t<div class=\"elementor-element elementor-element-25a7a7c elementor-widget elementor-widget-heading\" data-id=\"25a7a7c\" data-element_type=\"widget\" data-e-type=\"widget\" data-widget_type=\"heading.default\">\n\t\t\t\t\t<h4 class=\"elementor-heading-title elementor-size-default\">Direcci\u00f3n<\/h4>\t\t\t\t<\/div>\n\t\t\t\t<div class=\"elementor-element elementor-element-df235b2 elementor-widget elementor-widget-text-editor\" data-id=\"df235b2\" data-element_type=\"widget\" data-e-type=\"widget\" data-widget_type=\"text-editor.default\">\n\t\t\t\t\t\t\t\t\t<p>&#8211; Dubl\u00edn, Irlanda.<br \/>&#8211; Madrid, Espa\u00f1a.<\/p>\t\t\t\t\t\t\t\t<\/div>\n\t\t\t\t<\/div>\n\t\t<div class=\"elementor-element elementor-element-5c69a94 e-con-full e-flex e-con e-child\" data-id=\"5c69a94\" data-element_type=\"container\" data-e-type=\"container\" data-settings=\"{&quot;background_background&quot;:&quot;classic&quot;,&quot;jet_parallax_layout_list&quot;:[]}\">\n\t\t\t\t<div class=\"elementor-element elementor-element-68910bd elementor-view-stacked elementor-shape-circle elementor-widget elementor-widget-icon\" data-id=\"68910bd\" data-element_type=\"widget\" data-e-type=\"widget\" data-widget_type=\"icon.default\">\n\t\t\t\t\t\t\t<div class=\"elementor-icon-wrapper\">\n\t\t\t<div class=\"elementor-icon\">\n\t\t\t<svg aria-hidden=\"true\" class=\"e-font-icon-svg e-fas-envelope\" viewBox=\"0 0 512 512\" xmlns=\"http:\/\/www.w3.org\/2000\/svg\"><path d=\"M502.3 190.8c3.9-3.1 9.7-.2 9.7 4.7V400c0 26.5-21.5 48-48 48H48c-26.5 0-48-21.5-48-48V195.6c0-5 5.7-7.8 9.7-4.7 22.4 17.4 52.1 39.5 154.1 113.6 21.1 15.4 56.7 47.8 92.2 47.6 35.7.3 72-32.8 92.3-47.6 102-74.1 131.6-96.3 154-113.7zM256 320c23.2.4 56.6-29.2 73.4-41.4 132.7-96.3 142.8-104.7 173.4-128.7 5.8-4.5 9.2-11.5 9.2-18.9v-19c0-26.5-21.5-48-48-48H48C21.5 64 0 85.5 0 112v19c0 7.4 3.4 14.3 9.2 18.9 30.6 23.9 40.7 32.4 173.4 128.7 16.8 12.2 50.2 41.8 73.4 41.4z\"><\/path><\/svg>\t\t\t<\/div>\n\t\t<\/div>\n\t\t\t\t\t\t<\/div>\n\t\t\t\t<div class=\"elementor-element elementor-element-c6456b6 elementor-widget elementor-widget-heading\" data-id=\"c6456b6\" data-element_type=\"widget\" data-e-type=\"widget\" data-widget_type=\"heading.default\">\n\t\t\t\t\t<h4 class=\"elementor-heading-title elementor-size-default\">Email<\/h4>\t\t\t\t<\/div>\n\t\t\t\t<div class=\"elementor-element elementor-element-f559985 elementor-widget elementor-widget-text-editor\" data-id=\"f559985\" data-element_type=\"widget\" data-e-type=\"widget\" data-widget_type=\"text-editor.default\">\n\t\t\t\t\t\t\t\t\t<p>info@monicachacin.com<\/p>\t\t\t\t\t\t\t\t<\/div>\n\t\t\t\t<\/div>\n\t\t<div class=\"elementor-element elementor-element-89073f7 e-con-full e-flex e-con e-child\" data-id=\"89073f7\" data-element_type=\"container\" data-e-type=\"container\" data-settings=\"{&quot;background_background&quot;:&quot;classic&quot;,&quot;jet_parallax_layout_list&quot;:[]}\">\n\t\t\t\t<div class=\"elementor-element elementor-element-3a1e4a8 elementor-view-stacked elementor-shape-circle elementor-widget elementor-widget-icon\" data-id=\"3a1e4a8\" data-element_type=\"widget\" data-e-type=\"widget\" data-widget_type=\"icon.default\">\n\t\t\t\t\t\t\t<div class=\"elementor-icon-wrapper\">\n\t\t\t<div class=\"elementor-icon\">\n\t\t\t<svg aria-hidden=\"true\" class=\"e-font-icon-svg e-fas-phone-alt\" viewBox=\"0 0 512 512\" xmlns=\"http:\/\/www.w3.org\/2000\/svg\"><path d=\"M497.39 361.8l-112-48a24 24 0 0 0-28 6.9l-49.6 60.6A370.66 370.66 0 0 1 130.6 204.11l60.6-49.6a23.94 23.94 0 0 0 6.9-28l-48-112A24.16 24.16 0 0 0 122.6.61l-104 24A24 24 0 0 0 0 48c0 256.5 207.9 464 464 464a24 24 0 0 0 23.4-18.6l24-104a24.29 24.29 0 0 0-14.01-27.6z\"><\/path><\/svg>\t\t\t<\/div>\n\t\t<\/div>\n\t\t\t\t\t\t<\/div>\n\t\t\t\t<div class=\"elementor-element elementor-element-eaf2a31 elementor-widget elementor-widget-heading\" data-id=\"eaf2a31\" data-element_type=\"widget\" data-e-type=\"widget\" data-widget_type=\"heading.default\">\n\t\t\t\t\t<h4 class=\"elementor-heading-title elementor-size-default\">Tel\u00e9fonos<\/h4>\t\t\t\t<\/div>\n\t\t\t\t<div class=\"elementor-element elementor-element-883fd67 elementor-widget elementor-widget-text-editor\" data-id=\"883fd67\" data-element_type=\"widget\" data-e-type=\"widget\" data-widget_type=\"text-editor.default\">\n\t\t\t\t\t\t\t\t\t<p>(+353) 0892038037<br \/>(+34) 674258064<\/p>\t\t\t\t\t\t\t\t<\/div>\n\t\t\t\t<\/div>\n\t\t\t\t<\/div>\n\t\t\t\t<div class=\"elementor-element elementor-element-0ac941b elementor-widget-divider--view-line elementor-widget elementor-widget-divider\" data-id=\"0ac941b\" data-element_type=\"widget\" data-e-type=\"widget\" data-widget_type=\"divider.default\">\n\t\t\t\t\t\t\t<div class=\"elementor-divider\">\n\t\t\t<span class=\"elementor-divider-separator\">\n\t\t\t\t\t\t<\/span>\n\t\t<\/div>\n\t\t\t\t\t\t<\/div>\n\t\t\t\t<\/div>\n\t\t\t\t\t<\/div>\n\t\t\t\t<\/div>\n\t\t\t\t<\/div>\n\t\t","protected":false},"excerpt":{"rendered":"<p>Env\u00edame un mensaje Rellena el formulario o env\u00edame un correo directamente. Hablemos de tu marca y de c\u00f3mo podemos alcanzar tus objetivos a trav\u00e9s de las palabras. Ponte en contacto conmigo Direcci\u00f3n &#8211; Dubl\u00edn, Irlanda.&#8211; Madrid, Espa\u00f1a. Email info@monicachacin.com Tel\u00e9fonos (+353) 0892038037(+34) 674258064<\/p>\n","protected":false},"author":1,"featured_media":0,"parent":0,"menu_order":0,"comment_status":"closed","ping_status":"closed","template":"elementor_header_footer","meta":{"footnotes":""},"class_list":["post-635","page","type-page","status-publish","hentry"],"yoast_head":"<!-- This site is optimized with the Yoast SEO plugin v27.0 - https:\/\/yoast.com\/product\/yoast-seo-wordpress\/ -->\n<title>Contacto - Monica Chacin SEO copywriter<\/title>\n<meta name=\"robots\" content=\"index, follow, max-snippet:-1, max-image-preview:large, max-video-preview:-1\" \/>\n<link rel=\"canonical\" href=\"https:\/\/monicachacin.com\/es\/contacto\/\" \/>\n<meta property=\"og:locale\" content=\"es_ES\" \/>\n<meta property=\"og:type\" content=\"article\" \/>\n<meta property=\"og:title\" content=\"Contacto - Monica Chacin SEO copywriter\" \/>\n<meta property=\"og:description\" content=\"Env\u00edame un mensaje Rellena el formulario o env\u00edame un correo directamente. Hablemos de tu marca y de c\u00f3mo podemos alcanzar tus objetivos a trav\u00e9s de las palabras. Ponte en contacto conmigo Direcci\u00f3n &#8211; Dubl\u00edn, Irlanda.&#8211; Madrid, Espa\u00f1a. Email info@monicachacin.com Tel\u00e9fonos (+353) 0892038037(+34) 674258064\" \/>\n<meta property=\"og:url\" content=\"https:\/\/monicachacin.com\/es\/contacto\/\" \/>\n<meta property=\"og:site_name\" content=\"Monica Chacin SEO copywriter\" \/>\n<meta property=\"article:modified_time\" content=\"2025-09-07T18:41:08+00:00\" \/>\n<meta name=\"twitter:card\" content=\"summary_large_image\" \/>\n<meta name=\"twitter:label1\" content=\"Tiempo de lectura\" \/>\n\t<meta name=\"twitter:data1\" content=\"1 minuto\" \/>\n<script type=\"application\/ld+json\" class=\"yoast-schema-graph\">{\"@context\":\"https:\/\/schema.org\",\"@graph\":[{\"@type\":\"WebPage\",\"@id\":\"https:\/\/monicachacin.com\/es\/contacto\/\",\"url\":\"https:\/\/monicachacin.com\/es\/contacto\/\",\"name\":\"Contacto - Monica Chacin SEO copywriter\",\"isPartOf\":{\"@id\":\"https:\/\/monicachacin.com\/es\/#website\"},\"datePublished\":\"2025-08-30T23:18:25+00:00\",\"dateModified\":\"2025-09-07T18:41:08+00:00\",\"breadcrumb\":{\"@id\":\"https:\/\/monicachacin.com\/es\/contacto\/#breadcrumb\"},\"inLanguage\":\"es\",\"potentialAction\":[{\"@type\":\"ReadAction\",\"target\":[\"https:\/\/monicachacin.com\/es\/contacto\/\"]}]},{\"@type\":\"BreadcrumbList\",\"@id\":\"https:\/\/monicachacin.com\/es\/contacto\/#breadcrumb\",\"itemListElement\":[{\"@type\":\"ListItem\",\"position\":1,\"name\":\"Portada\",\"item\":\"https:\/\/monicachacin.com\/es\/\"},{\"@type\":\"ListItem\",\"position\":2,\"name\":\"Contacto\"}]},{\"@type\":\"WebSite\",\"@id\":\"https:\/\/monicachacin.com\/es\/#website\",\"url\":\"https:\/\/monicachacin.com\/es\/\",\"name\":\"Monica Chacin SEO copywriter\",\"description\":\"SEO Copywriting\",\"publisher\":{\"@id\":\"https:\/\/monicachacin.com\/es\/#organization\"},\"potentialAction\":[{\"@type\":\"SearchAction\",\"target\":{\"@type\":\"EntryPoint\",\"urlTemplate\":\"https:\/\/monicachacin.com\/es\/?s={search_term_string}\"},\"query-input\":{\"@type\":\"PropertyValueSpecification\",\"valueRequired\":true,\"valueName\":\"search_term_string\"}}],\"inLanguage\":\"es\"},{\"@type\":\"Organization\",\"@id\":\"https:\/\/monicachacin.com\/es\/#organization\",\"name\":\"Monica Chacin SEO copywriter\",\"url\":\"https:\/\/monicachacin.com\/es\/\",\"logo\":{\"@type\":\"ImageObject\",\"inLanguage\":\"es\",\"@id\":\"https:\/\/monicachacin.com\/es\/#\/schema\/logo\/image\/\",\"url\":\"https:\/\/monicachacin.com\/wp-content\/uploads\/2025\/08\/cropped-logo-monica-chacin-icon-favicon-1-1.jpg\",\"contentUrl\":\"https:\/\/monicachacin.com\/wp-content\/uploads\/2025\/08\/cropped-logo-monica-chacin-icon-favicon-1-1.jpg\",\"width\":1029,\"height\":265,\"caption\":\"Monica Chacin SEO copywriter\"},\"image\":{\"@id\":\"https:\/\/monicachacin.com\/es\/#\/schema\/logo\/image\/\"}}]}<\/script>\n<!-- \/ Yoast SEO plugin. -->","yoast_head_json":{"title":"Contacto - Monica Chacin SEO copywriter","robots":{"index":"index","follow":"follow","max-snippet":"max-snippet:-1","max-image-preview":"max-image-preview:large","max-video-preview":"max-video-preview:-1"},"canonical":"https:\/\/monicachacin.com\/es\/contacto\/","og_locale":"es_ES","og_type":"article","og_title":"Contacto - Monica Chacin SEO copywriter","og_description":"Env\u00edame un mensaje Rellena el formulario o env\u00edame un correo directamente. Hablemos de tu marca y de c\u00f3mo podemos alcanzar tus objetivos a trav\u00e9s de las palabras. Ponte en contacto conmigo Direcci\u00f3n &#8211; Dubl\u00edn, Irlanda.&#8211; Madrid, Espa\u00f1a. Email info@monicachacin.com Tel\u00e9fonos (+353) 0892038037(+34) 674258064","og_url":"https:\/\/monicachacin.com\/es\/contacto\/","og_site_name":"Monica Chacin SEO copywriter","article_modified_time":"2025-09-07T18:41:08+00:00","twitter_card":"summary_large_image","twitter_misc":{"Tiempo de lectura":"1 minuto"},"schema":{"@context":"https:\/\/schema.org","@graph":[{"@type":"WebPage","@id":"https:\/\/monicachacin.com\/es\/contacto\/","url":"https:\/\/monicachacin.com\/es\/contacto\/","name":"Contacto - Monica Chacin SEO copywriter","isPartOf":{"@id":"https:\/\/monicachacin.com\/es\/#website"},"datePublished":"2025-08-30T23:18:25+00:00","dateModified":"2025-09-07T18:41:08+00:00","breadcrumb":{"@id":"https:\/\/monicachacin.com\/es\/contacto\/#breadcrumb"},"inLanguage":"es","potentialAction":[{"@type":"ReadAction","target":["https:\/\/monicachacin.com\/es\/contacto\/"]}]},{"@type":"BreadcrumbList","@id":"https:\/\/monicachacin.com\/es\/contacto\/#breadcrumb","itemListElement":[{"@type":"ListItem","position":1,"name":"Portada","item":"https:\/\/monicachacin.com\/es\/"},{"@type":"ListItem","position":2,"name":"Contacto"}]},{"@type":"WebSite","@id":"https:\/\/monicachacin.com\/es\/#website","url":"https:\/\/monicachacin.com\/es\/","name":"Monica Chacin SEO copywriter","description":"SEO Copywriting","publisher":{"@id":"https:\/\/monicachacin.com\/es\/#organization"},"potentialAction":[{"@type":"SearchAction","target":{"@type":"EntryPoint","urlTemplate":"https:\/\/monicachacin.com\/es\/?s={search_term_string}"},"query-input":{"@type":"PropertyValueSpecification","valueRequired":true,"valueName":"search_term_string"}}],"inLanguage":"es"},{"@type":"Organization","@id":"https:\/\/monicachacin.com\/es\/#organization","name":"Monica Chacin SEO copywriter","url":"https:\/\/monicachacin.com\/es\/","logo":{"@type":"ImageObject","inLanguage":"es","@id":"https:\/\/monicachacin.com\/es\/#\/schema\/logo\/image\/","url":"https:\/\/monicachacin.com\/wp-content\/uploads\/2025\/08\/cropped-logo-monica-chacin-icon-favicon-1-1.jpg","contentUrl":"https:\/\/monicachacin.com\/wp-content\/uploads\/2025\/08\/cropped-logo-monica-chacin-icon-favicon-1-1.jpg","width":1029,"height":265,"caption":"Monica Chacin SEO copywriter"},"image":{"@id":"https:\/\/monicachacin.com\/es\/#\/schema\/logo\/image\/"}}]}},"_links":{"self":[{"href":"https:\/\/monicachacin.com\/es\/wp-json\/wp\/v2\/pages\/635","targetHints":{"allow":["GET"]}}],"collection":[{"href":"https:\/\/monicachacin.com\/es\/wp-json\/wp\/v2\/pages"}],"about":[{"href":"https:\/\/monicachacin.com\/es\/wp-json\/wp\/v2\/types\/page"}],"author":[{"embeddable":true,"href":"https:\/\/monicachacin.com\/es\/wp-json\/wp\/v2\/users\/1"}],"replies":[{"embeddable":true,"href":"https:\/\/monicachacin.com\/es\/wp-json\/wp\/v2\/comments?post=635"}],"version-history":[{"count":7,"href":"https:\/\/monicachacin.com\/es\/wp-json\/wp\/v2\/pages\/635\/revisions"}],"predecessor-version":[{"id":932,"href":"https:\/\/monicachacin.com\/es\/wp-json\/wp\/v2\/pages\/635\/revisions\/932"}],"wp:attachment":[{"href":"https:\/\/monicachacin.com\/es\/wp-json\/wp\/v2\/media?parent=635"}],"curies":[{"name":"wp","href":"https:\/\/api.w.org\/{rel}","templated":true}]}}